{"id":272,"date":"2021-09-09T17:23:31","date_gmt":"2021-09-09T17:23:31","guid":{"rendered":"https:\/\/tribuextraordinaria.com\/membresia\/?page_id=272"},"modified":"2021-09-09T17:30:15","modified_gmt":"2021-09-09T17:30:15","slug":"politicas-de-privacidad","status":"publish","type":"page","link":"https:\/\/tribuextraordinaria.com\/membresia\/politicas-de-privacidad\/","title":{"rendered":"POL\u00cdTICAS DE PRIVACIDAD"},"content":{"rendered":"\n<p><strong>POLITICAS DE PRIVACIDAD<\/strong><\/p>\n\n\n\n<p>Las presentes Pol\u00edticas de Privacidad establece los t\u00e9rminos en que&nbsp;<strong>tribuextaordinaria.com <\/strong>usa y protege la informaci\u00f3n que es proporcionada por sus usuarios al momento de utilizar su sitio web, comprometido con la seguridad de los datos de sus usuarios.&nbsp;Cuando le pedimos llenar los campos de informaci\u00f3n personal con el cual usted pueda ser identificado, lo hacemos asegurando que s\u00f3lo se emplear\u00e1 de acuerdo con los t\u00e9rminos del presente aviso de privacidad en apego a la Ley Federal de Protecci\u00f3n de Datos Personales en Posesi\u00f3n de los Particulares y a los principios de licitud, consentimiento, informaci\u00f3n, calidad, lealtad, finalidad, proporcionalidad y responsabilidad previstos en la ley..&nbsp;Sin embargo, esta Pol\u00edtica de Privacidad puede cambiar con el tiempo o ser actualizada por lo que le recomendamos y enfatizamos revisar continuamente esta p\u00e1gina para asegurar que est\u00e1 de acuerdo con dichos cambios, dichas actualizaciones se ver\u00e1n reflejadas en el aparto de Aviso de privacidad.<\/p>\n\n\n\n<p><strong>Informaci\u00f3n que es recogida<\/strong><\/p>\n\n\n\n<p>Nuestro sitio web podr\u00e1 recoger informaci\u00f3n personal, por ejemplo: Nombre, informaci\u00f3n de contacto como su direcci\u00f3n de correo electr\u00f3nico e informaci\u00f3n demogr\u00e1fica.\u00a0As\u00ed mismo, informaci\u00f3n espec\u00edfica para procesar alg\u00fan pedido o realizar una entrega o facturaci\u00f3n.<\/p>\n\n\n\n<p><strong>Uso de la informaci\u00f3n recogida<\/strong><\/p>\n\n\n\n<p>Nuestro sitio web emplea la informaci\u00f3n con el fin de proporcionar el mejor servicio posible, particularmente para mantener un registro de usuarios, de pedidos en caso de que aplique, y mejorar nuestros productos y servicios.&nbsp;Es posible que sean enviados correos electr\u00f3nicos peri\u00f3dicamente a trav\u00e9s de nuestro sitio con ofertas especiales, nuevos productos y otra informaci\u00f3n publicitaria que consideremos relevante para usted o que pueda brindarle alg\u00fan beneficio, estos correos electr\u00f3nicos ser\u00e1n enviados a la direcci\u00f3n que usted proporcione y podr\u00e1n ser cancelados en cualquier momento.<\/p>\n\n\n\n<p><strong>tribuextraodinaria.com <\/strong>est\u00e1 altamente comprometido para cumplir con el compromiso de mantener su informaci\u00f3n segura.&nbsp;Usamos los sistemas m\u00e1s avanzados y los est\u00e1 asegurado para asegurarnos que no exista ning\u00fan acceso no autorizado.<\/p>\n\n\n\n<p><strong>Galletas\/Cookies<\/strong><\/p>\n\n\n\n<p>Una cookie se refiere a un fichero que es enviado con la finalidad de solicitar permiso para almacenar en su ordenador, al aceptar dicho fichero se crea y la cookie sirve entonces para tener informaci\u00f3n respecto al tr\u00e1fico web, y tambi\u00e9n facilita las futuras visitas a una web recurrente.&nbsp;Otra funci\u00f3n que tienen las cookies es que con ellas las web pueden reconocerte individualmente y por tanto brindarte el mejor servicio personalizado de su web.<\/p>\n\n\n\n<p>Nuestro sitio web emplea las cookies para poder identificar las p\u00e1ginas que son visitadas y su frecuencia.&nbsp;Esta informaci\u00f3n es empleada \u00fanicamente para an\u00e1lisis estad\u00edstico y la informaci\u00f3n se elimina de forma permanente.&nbsp;Usted puede eliminar las cookies en cualquier momento desde su ordenador.&nbsp;Sin embargo las cookies ayudan a proporcionar un mejor servicio de los sitios web, est\u00e1s no dan acceso a informaci\u00f3n de su ni de usted, a menos de que usted as\u00ed lo quiera y la proporci\u00f3n directamente&nbsp;noticias.&nbsp;Usted puede aceptar o negar el uso de cookies, la mayor\u00eda de navegadores aceptan cookies autom\u00e1ticamente pues sirve para tener un mejor servicio web.&nbsp;Tambi\u00e9n puede cambiar la configuraci\u00f3n de su ordenador para declinar las cookies.&nbsp;Si se declinan es posible que no pueda utilizar algunos de nuestros servicios.<\/p>\n\n\n\n<p><strong>Enlaces a Terceros<\/strong><\/p>\n\n\n\n<p>Este sitio web podr\u00eda contener enlaces a otros sitios que podr\u00edan ser de su inter\u00e9s.&nbsp;Una vez que usted de clic en estos enlaces y abandone nuestra p\u00e1gina, ya no tenemos control sobre al sitio al que es redirigido y por lo tanto no somos responsables de los&nbsp;\u201ct\u00e9rminos o privacidad\u201d&nbsp;ni de la protecci\u00f3n de sus datos en esos otros sitios terceros.&nbsp;Dichos sitios est\u00e1n sujetos a sus propias pol\u00edticas de privacidad por lo que es recomendable que los consultados para confirmar que usted est\u00e1 de acuerdo con estas.<\/p>\n\n\n\n<p><strong>Control de su informaci\u00f3n personal<\/strong><\/p>\n\n\n\n<p>En cualquier momento usted puede restringir la recopilaci\u00f3n o el uso de la informaci\u00f3n personal que se proporciona a nuestro sitio web a trav\u00e9s de la opci\u00f3n \u201ccancelar \u201cla cual est\u00e1 se\u00f1alada en el primer banner o cuadro de dialogo que aparece al ingresar a <strong>tribuextraordinaria.com<\/strong>.&nbsp;Cada vez que se le solicite rellenar un formulario, como el de alta de usuario, puede marcar o desmarcar la opci\u00f3n de recibir informaci\u00f3n por correo electr\u00f3nico.&nbsp;En caso de que haya marcado la opci\u00f3n de recibir nuestro bolet\u00edn o publicidad usted puede cancelarla en cualquier momento.<\/p>\n\n\n\n<p>Este sitio web, no vender\u00e1, ceder\u00e1 ni distribuir\u00e1 la informaci\u00f3n personal que es recopilada sin su consentimiento, ni para un fin distinto que no resulte compatible o an\u00e1logo a los fines establecidos en aviso de privacidad, salvo que sea requerido por un juez con un orden judicial.<\/p>\n\n\n\n<p><strong>Acceso, rectificaci\u00f3n, cancelaci\u00f3n u oposici\u00f3n.<\/strong><\/p>\n\n\n\n<p>El titular de los derechos o su representante legal podr\u00e1n solicitar a <strong>tribuextraordinaria.com <\/strong>en cualquier momento el acceso, rectificaci\u00f3n, cancelaci\u00f3n u oposici\u00f3n, respecto de los datos personales que le conciernen.<\/p>\n\n\n\n<p>La solicitud de acceso, rectificaci\u00f3n, cancelaci\u00f3n u oposici\u00f3n deber\u00e1 ser solicitada de acuerdo al Art\u00edculo 29 de la Ley Federal de Protecci\u00f3n de Datos Personales en Posesi\u00f3n de Particulares, dicha solicitud se podr\u00e1 solicitar en el apartado de \u201cContacto\u201d.<\/p>\n\n\n\n<p><strong>tribuextraordinaria.com <\/strong>Se reserva el derecho de cambiar los t\u00e9rminos de la presente Pol\u00edtica de Privacidad en cualquier momento, salvo que sea requerido por las Leyes y Tratos en el que el Estado Mexicano sea parte.<\/p>\n","protected":false},"excerpt":{"rendered":"<p>POLITICAS DE PRIVACIDAD Las presentes Pol\u00edticas de Privacidad establece los t\u00e9rminos en que&nbsp;tribuextaordinaria.com usa y protege la informaci\u00f3n que es proporcionada por sus usuarios al momento de utilizar su sitio web, comprometido con la seguridad de los datos de sus usuarios.&nbsp;Cuando le pedimos llenar los campos de informaci\u00f3n personal con el cual usted pueda ser [&hellip;]<\/p>\n","protected":false},"author":1,"featured_media":0,"parent":0,"menu_order":0,"comment_status":"closed","ping_status":"closed","template":"","meta":{"_et_pb_use_builder":"","_et_pb_old_content":"","_et_gb_content_width":"","footnotes":""},"class_list":["post-272","page","type-page","status-publish","hentry"],"yoast_head":"<!-- This site is optimized with the Yoast SEO plugin v20.11 - https:\/\/yoast.com\/wordpress\/plugins\/seo\/ -->\n<title>POL\u00cdTICAS DE PRIVACIDAD - Tribu EXTRAordinaria por Karla Lara<\/title>\n<meta name=\"robots\" content=\"index, follow, max-snippet:-1, max-image-preview:large, max-video-preview:-1\" \/>\n<link rel=\"canonical\" href=\"https:\/\/tribuextraordinaria.com\/membresia\/politicas-de-privacidad\/\" \/>\n<meta property=\"og:locale\" content=\"es_ES\" \/>\n<meta property=\"og:type\" content=\"article\" \/>\n<meta property=\"og:title\" content=\"POL\u00cdTICAS DE PRIVACIDAD - Tribu EXTRAordinaria por Karla Lara\" \/>\n<meta property=\"og:description\" content=\"POLITICAS DE PRIVACIDAD Las presentes Pol\u00edticas de Privacidad establece los t\u00e9rminos en que&nbsp;tribuextaordinaria.com usa y protege la informaci\u00f3n que es proporcionada por sus usuarios al momento de utilizar su sitio web, comprometido con la seguridad de los datos de sus usuarios.&nbsp;Cuando le pedimos llenar los campos de informaci\u00f3n personal con el cual usted pueda ser [&hellip;]\" \/>\n<meta property=\"og:url\" content=\"https:\/\/tribuextraordinaria.com\/membresia\/politicas-de-privacidad\/\" \/>\n<meta property=\"og:site_name\" content=\"Tribu EXTRAordinaria por Karla Lara\" \/>\n<meta property=\"article:modified_time\" content=\"2021-09-09T17:30:15+00:00\" \/>\n<meta name=\"twitter:card\" content=\"summary_large_image\" \/>\n<meta name=\"twitter:label1\" content=\"Tiempo de lectura\" \/>\n\t<meta name=\"twitter:data1\" content=\"5 minutos\" \/>\n<script type=\"application\/ld+json\" class=\"yoast-schema-graph\">{\"@context\":\"https:\/\/schema.org\",\"@graph\":[{\"@type\":\"WebPage\",\"@id\":\"https:\/\/tribuextraordinaria.com\/membresia\/politicas-de-privacidad\/\",\"url\":\"https:\/\/tribuextraordinaria.com\/membresia\/politicas-de-privacidad\/\",\"name\":\"POL\u00cdTICAS DE PRIVACIDAD - Tribu EXTRAordinaria por Karla Lara\",\"isPartOf\":{\"@id\":\"https:\/\/tribuextraordinaria.com\/membresia\/#website\"},\"datePublished\":\"2021-09-09T17:23:31+00:00\",\"dateModified\":\"2021-09-09T17:30:15+00:00\",\"breadcrumb\":{\"@id\":\"https:\/\/tribuextraordinaria.com\/membresia\/politicas-de-privacidad\/#breadcrumb\"},\"inLanguage\":\"es\",\"potentialAction\":[{\"@type\":\"ReadAction\",\"target\":[\"https:\/\/tribuextraordinaria.com\/membresia\/politicas-de-privacidad\/\"]}]},{\"@type\":\"BreadcrumbList\",\"@id\":\"https:\/\/tribuextraordinaria.com\/membresia\/politicas-de-privacidad\/#breadcrumb\",\"itemListElement\":[{\"@type\":\"ListItem\",\"position\":1,\"name\":\"Portada\",\"item\":\"https:\/\/tribuextraordinaria.com\/membresia\/\"},{\"@type\":\"ListItem\",\"position\":2,\"name\":\"POL\u00cdTICAS DE PRIVACIDAD\"}]},{\"@type\":\"WebSite\",\"@id\":\"https:\/\/tribuextraordinaria.com\/membresia\/#website\",\"url\":\"https:\/\/tribuextraordinaria.com\/membresia\/\",\"name\":\"Tribu EXTRAordinaria por Karla Lara\",\"description\":\"El programa de coaching grupal para lograr la transformaci\u00f3n personal y una Vida EXTRAordinaria.\",\"potentialAction\":[{\"@type\":\"SearchAction\",\"target\":{\"@type\":\"EntryPoint\",\"urlTemplate\":\"https:\/\/tribuextraordinaria.com\/membresia\/?s={search_term_string}\"},\"query-input\":\"required name=search_term_string\"}],\"inLanguage\":\"es\"}]}<\/script>\n<!-- \/ Yoast SEO plugin. -->","yoast_head_json":{"title":"POL\u00cdTICAS DE PRIVACIDAD - Tribu EXTRAordinaria por Karla Lara","robots":{"index":"index","follow":"follow","max-snippet":"max-snippet:-1","max-image-preview":"max-image-preview:large","max-video-preview":"max-video-preview:-1"},"canonical":"https:\/\/tribuextraordinaria.com\/membresia\/politicas-de-privacidad\/","og_locale":"es_ES","og_type":"article","og_title":"POL\u00cdTICAS DE PRIVACIDAD - Tribu EXTRAordinaria por Karla Lara","og_description":"POLITICAS DE PRIVACIDAD Las presentes Pol\u00edticas de Privacidad establece los t\u00e9rminos en que&nbsp;tribuextaordinaria.com usa y protege la informaci\u00f3n que es proporcionada por sus usuarios al momento de utilizar su sitio web, comprometido con la seguridad de los datos de sus usuarios.&nbsp;Cuando le pedimos llenar los campos de informaci\u00f3n personal con el cual usted pueda ser [&hellip;]","og_url":"https:\/\/tribuextraordinaria.com\/membresia\/politicas-de-privacidad\/","og_site_name":"Tribu EXTRAordinaria por Karla Lara","article_modified_time":"2021-09-09T17:30:15+00:00","twitter_card":"summary_large_image","twitter_misc":{"Tiempo de lectura":"5 minutos"},"schema":{"@context":"https:\/\/schema.org","@graph":[{"@type":"WebPage","@id":"https:\/\/tribuextraordinaria.com\/membresia\/politicas-de-privacidad\/","url":"https:\/\/tribuextraordinaria.com\/membresia\/politicas-de-privacidad\/","name":"POL\u00cdTICAS DE PRIVACIDAD - Tribu EXTRAordinaria por Karla Lara","isPartOf":{"@id":"https:\/\/tribuextraordinaria.com\/membresia\/#website"},"datePublished":"2021-09-09T17:23:31+00:00","dateModified":"2021-09-09T17:30:15+00:00","breadcrumb":{"@id":"https:\/\/tribuextraordinaria.com\/membresia\/politicas-de-privacidad\/#breadcrumb"},"inLanguage":"es","potentialAction":[{"@type":"ReadAction","target":["https:\/\/tribuextraordinaria.com\/membresia\/politicas-de-privacidad\/"]}]},{"@type":"BreadcrumbList","@id":"https:\/\/tribuextraordinaria.com\/membresia\/politicas-de-privacidad\/#breadcrumb","itemListElement":[{"@type":"ListItem","position":1,"name":"Portada","item":"https:\/\/tribuextraordinaria.com\/membresia\/"},{"@type":"ListItem","position":2,"name":"POL\u00cdTICAS DE PRIVACIDAD"}]},{"@type":"WebSite","@id":"https:\/\/tribuextraordinaria.com\/membresia\/#website","url":"https:\/\/tribuextraordinaria.com\/membresia\/","name":"Tribu EXTRAordinaria por Karla Lara","description":"El programa de coaching grupal para lograr la transformaci\u00f3n personal y una Vida EXTRAordinaria.","potentialAction":[{"@type":"SearchAction","target":{"@type":"EntryPoint","urlTemplate":"https:\/\/tribuextraordinaria.com\/membresia\/?s={search_term_string}"},"query-input":"required name=search_term_string"}],"inLanguage":"es"}]}},"_links":{"self":[{"href":"https:\/\/tribuextraordinaria.com\/membresia\/wp-json\/wp\/v2\/pages\/272","targetHints":{"allow":["GET"]}}],"collection":[{"href":"https:\/\/tribuextraordinaria.com\/membresia\/wp-json\/wp\/v2\/pages"}],"about":[{"href":"https:\/\/tribuextraordinaria.com\/membresia\/wp-json\/wp\/v2\/types\/page"}],"author":[{"embeddable":true,"href":"https:\/\/tribuextraordinaria.com\/membresia\/wp-json\/wp\/v2\/users\/1"}],"replies":[{"embeddable":true,"href":"https:\/\/tribuextraordinaria.com\/membresia\/wp-json\/wp\/v2\/comments?post=272"}],"version-history":[{"count":2,"href":"https:\/\/tribuextraordinaria.com\/membresia\/wp-json\/wp\/v2\/pages\/272\/revisions"}],"predecessor-version":[{"id":274,"href":"https:\/\/tribuextraordinaria.com\/membresia\/wp-json\/wp\/v2\/pages\/272\/revisions\/274"}],"wp:attachment":[{"href":"https:\/\/tribuextraordinaria.com\/membresia\/wp-json\/wp\/v2\/media?parent=272"}],"curies":[{"name":"wp","href":"https:\/\/api.w.org\/{rel}","templated":true}]}}